{"id":8,"date":"2023-09-27T12:02:29","date_gmt":"2023-09-27T10:02:29","guid":{"rendered":"https:\/\/www.joerg-solar.ch\/?page_id=8"},"modified":"2025-03-17T18:54:56","modified_gmt":"2025-03-17T17:54:56","slug":"startpage","status":"publish","type":"page","link":"https:\/\/www.joerg-solar.ch\/","title":{"rendered":"Ihre Solaranlage.\nEinfach und effizient."},"content":{"rendered":"\n<figure class=\"wp-block-image size-full\"><img loading=\"lazy\" decoding=\"async\" width=\"1024\" height=\"768\" src=\"https:\/\/www.joerg-solar.ch\/wp-content\/uploads\/2025\/03\/pv-offgrid-bewaesserung_aegypten_2019.jpg\" alt=\"\" class=\"wp-image-319\" style=\"aspect-ratio:16\/9;object-fit:cover\" srcset=\"https:\/\/www.joerg-solar.ch\/wp-content\/uploads\/2025\/03\/pv-offgrid-bewaesserung_aegypten_2019.jpg 1024w, https:\/\/www.joerg-solar.ch\/wp-content\/uploads\/2025\/03\/pv-offgrid-bewaesserung_aegypten_2019-300x225.jpg 300w, https:\/\/www.joerg-solar.ch\/wp-content\/uploads\/2025\/03\/pv-offgrid-bewaesserung_aegypten_2019-768x576.jpg 768w\" sizes=\"auto, (max-width: 1024px) 100vw, 1024px\" \/><\/figure>\n\n\n\n<p><strong>Es nicht kompliziert, vom Verbraucher zum Produzenten zu werden: Sie k\u00f6nnen an Ihrer eigenen PV-Anlage mitbauen, Ihre eigene Solarenergie generieren und diese g\u00fcnstig f\u00fcr den Eigenverbrauch <a href=\"https:\/\/www.joerg-solar.ch\/index.php\/products\/\" data-type=\"page\" data-id=\"15\">speichern<\/a>!<\/strong><\/p>\n\n\n\n<div style=\"height:20px\" aria-hidden=\"true\" class=\"wp-block-spacer\"><\/div>\n\n\n\n<hr class=\"wp-block-separator has-alpha-channel-opacity\"\/>\n\n\n\n<div style=\"height:20px\" aria-hidden=\"true\" class=\"wp-block-spacer\"><\/div>\n\n\n\n<h4 class=\"wp-block-heading\">Mission<\/h4>\n\n\n\n<details class=\"wp-block-details is-layout-flow wp-block-details-is-layout-flow\"><summary>Warum besch\u00e4ftige ich mich mit Solarenergie?<\/summary>\n<p><em>Die Photovoltaik-Technologie nutzt eine uns gegebene, nat\u00fcrliche Ressource und kann dezentral eingesetzt werden. Damit haben wir ab 2012 in der \u00e4gyptischen W\u00fcste unsere ersten pers\u00f6nlichen Erfahrungen gemacht &#8211; und die waren sehr positiv!<\/em><\/p>\n<\/details>\n\n\n\n<div style=\"height:33px\" aria-hidden=\"true\" class=\"wp-block-spacer\"><\/div>\n\n\n\n<h4 class=\"wp-block-heading\">Planung<\/h4>\n\n\n\n<details class=\"wp-block-details is-layout-flow wp-block-details-is-layout-flow\"><summary>Die Idee wird auf Papier gebracht. Was ist technisch m\u00f6glich? <\/summary>\n<p><em>Die Photovoltaik-Technologie hat in den letzten Jahren bemerkenwerte Fortschritte in der Leistung, aber auch in der Zuverl\u00e4ssigkeit gemacht. Produktgarantien von 25 Jahren auf PV-Module sind heute bei vielen Herstellern Standard. Auch bei Wechselrichtern und Speichermodulen d\u00fcrfen Sie ohne weiteres 10 Jahre Garantie erwarten. Dazu kommt die weite Verbreitung der ansprechenden Fullblack PV-Module und die aktuell vermehrt aufkommende Glas-Glas-Technologie mit bifazialer Energieproduktion.<\/em><\/p>\n<\/details>\n\n\n\n<div style=\"height:33px\" aria-hidden=\"true\" class=\"wp-block-spacer\"><\/div>\n\n\n\n<h4 class=\"wp-block-heading\">Ausf\u00fchrung<\/h4>\n\n\n\n<details class=\"wp-block-details is-layout-flow wp-block-details-is-layout-flow\"><summary>Solide handwerkliche Arbeit.<\/summary>\n<p><em>Erfahrung mit den verbauten Systemen, kontinuierliche Weiterbildung und Sorgfalt bei der Ausf\u00fchrung sind Voraussetzungen f\u00fcr Qualit\u00e4t. Aber nicht nur das allein, sondern &#8211; an Gottes Segen ist alles gelegen \ud83d\ude42<\/em><\/p>\n<\/details>\n\n\n\n<div style=\"height:33px\" aria-hidden=\"true\" class=\"wp-block-spacer\"><\/div>\n\n\n\n<h4 class=\"wp-block-heading\">Team<\/h4>\n\n\n\n<details class=\"wp-block-details is-layout-flow wp-block-details-is-layout-flow\"><summary>Wer ist mit dabei?<\/summary>\n<p><em>Neben der Planungarbeit im B\u00fcro gibt es vor allem bei der Montage der Photovoltaikanlagen alle H\u00e4nde voll zu tun. Dabei greife ich bei Bedarf auf talentierte Mitarbeiter aus meinem Umfeld zur\u00fcck, arbeite aber immer auch sehr gerne mit PV-Selbstbauern und von ihnen aufgebotenen Helfern zusammen! <\/em><\/p>\n<\/details>\n\n\n\n<figure class=\"wp-block-image size-large\"><img loading=\"lazy\" decoding=\"async\" width=\"1024\" height=\"683\" src=\"https:\/\/www.joerg-solar.ch\/wp-content\/uploads\/2025\/03\/Selbstbau_2023-1024x683.jpeg\" alt=\"\" class=\"wp-image-315\" srcset=\"https:\/\/www.joerg-solar.ch\/wp-content\/uploads\/2025\/03\/Selbstbau_2023-1024x683.jpeg 1024w, https:\/\/www.joerg-solar.ch\/wp-content\/uploads\/2025\/03\/Selbstbau_2023-300x200.jpeg 300w, https:\/\/www.joerg-solar.ch\/wp-content\/uploads\/2025\/03\/Selbstbau_2023-768x512.jpeg 768w, https:\/\/www.joerg-solar.ch\/wp-content\/uploads\/2025\/03\/Selbstbau_2023.jpeg 1368w\" sizes=\"auto, (max-width: 1024px) 100vw, 1024px\" \/><\/figure>\n","protected":false},"excerpt":{"rendered":"<p>Es nicht kompliziert, vom Verbraucher zum Produzenten zu werden: Sie k\u00f6nnen an Ihrer eigenen PV-Anlage mitbauen, Ihre eigene Solarenergie generieren und diese g\u00fcnstig f\u00fcr den Eigenverbrauch speichern! Mission Planung Ausf\u00fchrung Team<\/p>\n","protected":false},"author":1,"featured_media":318,"parent":0,"menu_order":0,"comment_status":"closed","ping_status":"closed","template":"","meta":{"footnotes":""},"class_list":["post-8","page","type-page","status-publish","has-post-thumbnail","hentry"],"_links":{"self":[{"href":"https:\/\/www.joerg-solar.ch\/index.php\/wp-json\/wp\/v2\/pages\/8","targetHints":{"allow":["GET"]}}],"collection":[{"href":"https:\/\/www.joerg-solar.ch\/index.php\/wp-json\/wp\/v2\/pages"}],"about":[{"href":"https:\/\/www.joerg-solar.ch\/index.php\/wp-json\/wp\/v2\/types\/page"}],"author":[{"embeddable":true,"href":"https:\/\/www.joerg-solar.ch\/index.php\/wp-json\/wp\/v2\/users\/1"}],"replies":[{"embeddable":true,"href":"https:\/\/www.joerg-solar.ch\/index.php\/wp-json\/wp\/v2\/comments?post=8"}],"version-history":[{"count":17,"href":"https:\/\/www.joerg-solar.ch\/index.php\/wp-json\/wp\/v2\/pages\/8\/revisions"}],"predecessor-version":[{"id":345,"href":"https:\/\/www.joerg-solar.ch\/index.php\/wp-json\/wp\/v2\/pages\/8\/revisions\/345"}],"wp:featuredmedia":[{"embeddable":true,"href":"https:\/\/www.joerg-solar.ch\/index.php\/wp-json\/wp\/v2\/media\/318"}],"wp:attachment":[{"href":"https:\/\/www.joerg-solar.ch\/index.php\/wp-json\/wp\/v2\/media?parent=8"}],"curies":[{"name":"wp","href":"https:\/\/api.w.org\/{rel}","templated":true}]}}